{"id":35,"date":"2018-05-21T16:19:00","date_gmt":"2018-05-21T16:19:00","guid":{"rendered":"http:\/\/eifeldocs.de\/?page_id=35"},"modified":"2018-05-21T16:19:00","modified_gmt":"2018-05-21T16:19:00","slug":"sprechzeiten","status":"publish","type":"page","link":"https:\/\/eifeldocs.de\/?page_id=35","title":{"rendered":"Sprechzeiten"},"content":{"rendered":"<p>Um Ihnen unn\u00f6tige Wartezeiten zu ersparen, m\u00f6chten wir Sie um eine vorherige telefonische Terminvereinbarung bitten.<br \/>\nSelbstverst\u00e4ndlich werden Notf\u00e4lle jederzeit und mit Vorrang behandelt. Wir bitten Sie um Verst\u00e4ndnis, wenn es deshalb zu Wartezeiten kommen sollte.<br \/>\nWir m\u00f6chten Sie auch bitten, f\u00fcr Blutentnahmen Termine zu vereinbaren.<\/p>\n<p>Die schnelle Quickbestimmung in unserem Labor findet von 8-10 Uhr statt, bitte stimmen Sie auch hierf\u00fcr Termine mit unserem Team ab.<\/p>\n<p>Zur Reduzierung der Wartezeiten an der Rezeption haben wir einen zus\u00e4tzlichen Service eingerichtet:<\/p>\n<p>Einen Anrufbeantworter, dem Sie Ihre Rezeptbestellung und Ihre \u00dcberweisungsw\u00fcnsche diktieren k\u00f6nnen.<\/p>\n<p>Dieser Anrufbeantworter hat die Tel. Nr.: (06593) 9871-71<br \/>\nund ist rund um die Uhr erreichbar!<\/p>\n<p>Rezepte k\u00f6nnen hier bestellt werden, wenn es sich um ein Dauermedikament handelt, das Sie regelm\u00e4\u00dfig verordnet bekommen. Bei jedem neuen Medikament ist nat\u00fcrlich immer erst ein Arztgespr\u00e4ch notwendig. Um die Bestellung bearbeiten zu k\u00f6nnen, nennen Sie uns bitte:<br \/>\nName,<br \/>\nVorname,<br \/>\nGeburtsdatum,<br \/>\nName des Medikamentes,<br \/>\nevtl. Wirkst\u00e4rke des Medikamentes und<br \/>\ndie gew\u00fcnschte Packungsgr\u00f6\u00dfe.<\/p>\n<p>\u00dcberweisungen k\u00f6nnen ebenfalls hier bestellt werden. Um auch hier die Bestellung bearbeiten zu k\u00f6nnen, brauchen wir zus\u00e4tzlich noch die Fachrichtung des Arztes, f\u00fcr den die \u00dcberweisung gew\u00fcnscht wird und den Anlass f\u00fcr die \u00dcberweisung.<\/p>\n<p>Bitte kontaktieren Sie im Zweifelsfalle oder bei R\u00fcckfragen erst den Arzt.<\/p>\n<p>Die Bestellungen sind jeweils am \u00fcbern\u00e4chsten Werktag ab 11.00 Uhr abholbereit.<\/p>\n","protected":false},"excerpt":{"rendered":"<p>Um Ihnen unn\u00f6tige Wartezeiten zu ersparen, m\u00f6chten wir Sie um eine vorherige telefonische Terminvereinbarung bitten. Selbstverst\u00e4ndlich werden Notf\u00e4lle jederzeit und mit Vorrang behandelt. Wir bitten Sie um Verst\u00e4ndnis, wenn es <a class=\"more-link\" href=\"https:\/\/eifeldocs.de\/?page_id=35\">Continue Reading \u2192<\/a><\/p>\n","protected":false},"author":1,"featured_media":0,"parent":0,"menu_order":0,"comment_status":"closed","ping_status":"closed","template":"","meta":{"ngg_post_thumbnail":0,"jetpack_post_was_ever_published":false,"footnotes":""},"class_list":["post-35","page","type-page","status-publish","hentry"],"jetpack_sharing_enabled":true,"jetpack_shortlink":"https:\/\/wp.me\/P9W0dX-z","_links":{"self":[{"href":"https:\/\/eifeldocs.de\/index.php?rest_route=\/wp\/v2\/pages\/35","targetHints":{"allow":["GET"]}}],"collection":[{"href":"https:\/\/eifeldocs.de\/index.php?rest_route=\/wp\/v2\/pages"}],"about":[{"href":"https:\/\/eifeldocs.de\/index.php?rest_route=\/wp\/v2\/types\/page"}],"author":[{"embeddable":true,"href":"https:\/\/eifeldocs.de\/index.php?rest_route=\/wp\/v2\/users\/1"}],"replies":[{"embeddable":true,"href":"https:\/\/eifeldocs.de\/index.php?rest_route=%2Fwp%2Fv2%2Fcomments&post=35"}],"version-history":[{"count":1,"href":"https:\/\/eifeldocs.de\/index.php?rest_route=\/wp\/v2\/pages\/35\/revisions"}],"predecessor-version":[{"id":36,"href":"https:\/\/eifeldocs.de\/index.php?rest_route=\/wp\/v2\/pages\/35\/revisions\/36"}],"wp:attachment":[{"href":"https:\/\/eifeldocs.de\/index.php?rest_route=%2Fwp%2Fv2%2Fmedia&parent=35"}],"curies":[{"name":"wp","href":"https:\/\/api.w.org\/{rel}","templated":true}]}}