{"id":2,"date":"2016-05-10T03:48:21","date_gmt":"2016-05-10T03:48:21","guid":{"rendered":"http:\/\/eifeldocs.de\/?page_id=2"},"modified":"2018-05-21T16:05:58","modified_gmt":"2018-05-21T16:05:58","slug":"sample-page","status":"publish","type":"page","link":"https:\/\/eifeldocs.de\/?page_id=2","title":{"rendered":"Leistungsspektrum"},"content":{"rendered":"<p>Neben dem gesamten internistisch-haus\u00e4rztlichen Leistungsspektrum bieten wir Ihnen die besonderen Leistungen und Behandlungsm\u00f6glichkeiten einer fach\u00e4rztlichen Praxis f\u00fcr Lungen- und Bronchialheilkunde an. Dar\u00fcber hinaus verf\u00fcgt unsere Praxis \u00fcber die Schwerpunkte Allergologie, Diabetologie, Schlafmedizin, Manuelle Medizin\/Chirotherapie sowie Naturheilverfahren.<\/p>\n<p>Unser Leistungsangebot:<\/p>\n<p>24 Stunden Blutdruckmessung<br \/>\n12-Kanal EKG<br \/>\n24-Stunden EKG<br \/>\nBelastungs-EKG<br \/>\nSonographie Abdomen-, Hals-, Schilddr\u00fcsen- und Nierensonographie<br \/>\nAmbulante Bronchoskopie (mit BAL, TBB) in Zusammenarbeit mit dem Krankenhaus Gerolstein<br \/>\nErgospirometrie (J\u00e4ger Masterscreen CPX) mit Laufband od. Fahrrad<br \/>\nSpirometrie (kleine Lungenfunktion)<br \/>\nBodyplethysmographie (gro\u00dfe Lungenfunktion, J\u00e4ger Masterscreen)<br \/>\nUnspezifische Provokation (Methacholintest)<br \/>\nBlutgasuntersuchung<br \/>\nPulsoxymetrie<br \/>\nSauerstofftestatmung<br \/>\nDiffusionsmessung<br \/>\nKraft der Atemmuskulatur (Pimax, P 0.1)<br \/>\nKardiorespiratorische Polygraphie (Schlafapnoescrenning)<br \/>\nAuslesen von CPAP\/BiPAP-Ger\u00e4ten<br \/>\nAllergietestungen \/ Provokationstestungen inkl. Rhinomanometrie<br \/>\nDesensibilisierungen<br \/>\nBronchiale Provokationstestung<br \/>\nThoraxsonographien<br \/>\nPleurapunktionen<br \/>\nPsychosomatische Medizin<br \/>\nReisemedizinische Beratung<br \/>\nInfusionen<br \/>\nLaboruntersuchungen<br \/>\nQualit\u00e4tsgesicherte BNP, D-Dimer, Troponin-Bestimmung sowie Quick\/INR-Bestimmung im eigenen Pr\u00e4senz-Labor<br \/>\nNaturheilkunde<br \/>\nTympanometrie (Messung der Mittelohrfunktion)<br \/>\nGesundheitsuntersuchung, Krebsvorsorgeuntersuchung des Mannes (Kassenleistung)<br \/>\nHautkrebs-Screening (Kassenleistung)<br \/>\nDermatoskopie<br \/>\nKapillarmikroskopie<br \/>\nSchwindeldiagnostik mit Frenzelbrille<br \/>\nTauchsportuntersuchungen<br \/>\nInternistisch-\/Lungenfach\u00e4rztliche Gerichts- und BG-Gutachten (Empfohlener Gutachter der DGP)<\/p>\n","protected":false},"excerpt":{"rendered":"<p>Neben dem gesamten internistisch-haus\u00e4rztlichen Leistungsspektrum bieten wir Ihnen die besonderen Leistungen und Behandlungsm\u00f6glichkeiten einer fach\u00e4rztlichen Praxis f\u00fcr Lungen- und Bronchialheilkunde an. Dar\u00fcber hinaus verf\u00fcgt unsere Praxis \u00fcber die Schwerpunkte Allergologie, <a class=\"more-link\" href=\"https:\/\/eifeldocs.de\/?page_id=2\">Continue Reading \u2192<\/a><\/p>\n","protected":false},"author":1,"featured_media":0,"parent":0,"menu_order":0,"comment_status":"closed","ping_status":"open","template":"","meta":{"ngg_post_thumbnail":0,"jetpack_post_was_ever_published":false,"footnotes":""},"class_list":["post-2","page","type-page","status-publish","hentry"],"jetpack_sharing_enabled":true,"jetpack_shortlink":"https:\/\/wp.me\/P9W0dX-2","_links":{"self":[{"href":"https:\/\/eifeldocs.de\/index.php?rest_route=\/wp\/v2\/pages\/2","targetHints":{"allow":["GET"]}}],"collection":[{"href":"https:\/\/eifeldocs.de\/index.php?rest_route=\/wp\/v2\/pages"}],"about":[{"href":"https:\/\/eifeldocs.de\/index.php?rest_route=\/wp\/v2\/types\/page"}],"author":[{"embeddable":true,"href":"https:\/\/eifeldocs.de\/index.php?rest_route=\/wp\/v2\/users\/1"}],"replies":[{"embeddable":true,"href":"https:\/\/eifeldocs.de\/index.php?rest_route=%2Fwp%2Fv2%2Fcomments&post=2"}],"version-history":[{"count":1,"href":"https:\/\/eifeldocs.de\/index.php?rest_route=\/wp\/v2\/pages\/2\/revisions"}],"predecessor-version":[{"id":13,"href":"https:\/\/eifeldocs.de\/index.php?rest_route=\/wp\/v2\/pages\/2\/revisions\/13"}],"wp:attachment":[{"href":"https:\/\/eifeldocs.de\/index.php?rest_route=%2Fwp%2Fv2%2Fmedia&parent=2"}],"curies":[{"name":"wp","href":"https:\/\/api.w.org\/{rel}","templated":true}]}}