{"id":18,"date":"2018-05-21T16:10:03","date_gmt":"2018-05-21T16:10:03","guid":{"rendered":"http:\/\/eifeldocs.de\/?page_id=18"},"modified":"2018-05-22T11:06:40","modified_gmt":"2018-05-22T11:06:40","slug":"lungenfachaerztlicher-schwerpunkt","status":"publish","type":"page","link":"https:\/\/eifeldocs.de\/?page_id=18","title":{"rendered":"Lungenfach\u00e4rztlicher Schwerpunkt"},"content":{"rendered":"<p><img decoding=\"async\" class=\"alignright size-thumbnail wp-image-59\" src=\"http:\/\/eifeldocs.de\/wp-content\/uploads\/2018\/05\/Body-breit-150x150.jpg\" alt=\"\" width=\"150\" height=\"150\">Ihr Lungenfacharzt (oder Pneumologe) ist Ihr Ansprechpartner f\u00fcr alle Erkrankungen, die mit den Atemwegen, der Lunge und des Rippenfelles zu tun haben. Ein Lungenfacharzt behandelt auch schlafbezogene Atmungsst\u00f6rungen (z.B. das bekannte Schlafapnoe-Syndrom) sowie allergische Erkrankungen. Ein gro\u00dfer Schwerpunkt ist die Diagnostik und Therapie von Asthma und COPD (Chronisch verengende Bronchitis). Aber auch wenn Sie mit dem Rauchen aufh\u00f6ren m\u00f6chten, ist der Lungenfacharzt Ihr Ansprechpartner.<\/p>\n<p>Den Lungenfacharzt sollten Sie aufsuchen&#8230;<\/p>\n<p>&#8230; wenn Sie Schmerzen im Brustkorb oder im Schulterbereich haben<br \/>\n&#8230; wenn Sie permanent oder anfallsweise unter Luftnot oder Engegef\u00fchlen in der Brust leiden<br \/>\n&#8230; wenn Sie unter l\u00e4nger andauerndem Husten leiden<br \/>\n&#8230; wenn Sie blutigen oder eitrigen Auswurf festgestellt haben<br \/>\n&#8230; wenn Sie Pfeifger\u00e4usche beim Atmen feststellen<br \/>\n&#8230; wenn Sie unter Heuschnupfen leiden<br \/>\n&#8230; wenn Sie sich tags\u00fcber m\u00fcde und abgeschlagen f\u00fchlen<br \/>\n&#8230; wenn Sie vermuten oder wissen, an Asthma erkrankt zu sein<br \/>\n&#8230; wenn Sie Unterst\u00fctzung bei der Raucherentw\u00f6hnung ben\u00f6tigen<\/p>\n<p>&nbsp;<\/p>\n<p>Unsere Praxis wendet eine Vielzahl lungenfach\u00e4rztlicher Untersuchungsverfahren an:<img decoding=\"async\" class=\"alignright size-thumbnail wp-image-47\" src=\"http:\/\/eifeldocs.de\/wp-content\/uploads\/2018\/05\/Ergospiro-150x150.jpg\" alt=\"\" width=\"150\" height=\"150\"><\/p>\n<p>die gesamte internistisch-pneumologische Diagnostik einschlie\u00dflich Lungenfunktionstest, Blutgasmessung und Labor,<br \/>\ndie Belastungsuntersuchung (Laufband- oder Fahrrad-Ergsopirometrie mit Blutgasanalyse und Belastungs-EKG)<br \/>\nHaut-, Blut- und Provokationstest im Rahmen der Allergiediagnostik<br \/>\nBehandlungen von Allergien (Hyposensibilisierung)<br \/>\nambulante schlafmedizinische Diagnostik<br \/>\nTauchtauglichkeitsuntersuchungen<\/p>\n<p>Im Anschluss an diese lungenfach\u00e4rztlichen Untersuchungen ermitteln wir in einem ausf\u00fchrlichen pers\u00f6nlichen Gespr\u00e4ch Ihre Beschwerden und besprechen mit Ihnen die geeignete Therapie.<br \/>\nUnter Therapie kontrollieren wir regelm\u00e4\u00dfig den Erfolg unserer Behandlung. Unser Ziel ist, schnellstm\u00f6glich Krankheitssymptome zu lindern, Krankheiten zu heilen und Lebensqualit\u00e4t herzustellen und zu sichern.<br \/>\nIhr behandelnder Hausarzt erh\u00e4lt in der Regel noch am gleichen Tag den Arztbrief per FAX.<br \/>\nSo k\u00f6nnen wir eine schnelle und \u00fcbergreifende Therapie sicherstellen.<\/p>\n<p><img decoding=\"async\" class=\"alignright size-thumbnail wp-image-46\" src=\"http:\/\/eifeldocs.de\/wp-content\/uploads\/2018\/05\/Bronchoskopie-150x150.jpg\" alt=\"\" width=\"150\" height=\"150\">Ein Schwerpunkt unserer Praxis liegt auf der Diagnostik, Therapie und Begutachtung von berufsbedingten Erkrankungen der Atmungsorgane.<br \/>\nWir schulen regelm\u00e4\u00dfig Patienten, die an einer COPD oder an Asthma leiden.<br \/>\nWir leisten auch die Nachsorge von im Krankenhaus behandelten Patienten.<\/p>\n","protected":false},"excerpt":{"rendered":"<p>Ihr Lungenfacharzt (oder Pneumologe) ist Ihr Ansprechpartner f\u00fcr alle Erkrankungen, die mit den Atemwegen, der Lunge und des Rippenfelles zu tun haben. Ein Lungenfacharzt behandelt auch schlafbezogene Atmungsst\u00f6rungen (z.B. das <a class=\"more-link\" href=\"https:\/\/eifeldocs.de\/?page_id=18\">Continue Reading \u2192<\/a><\/p>\n","protected":false},"author":1,"featured_media":0,"parent":0,"menu_order":0,"comment_status":"closed","ping_status":"closed","template":"","meta":{"ngg_post_thumbnail":0,"jetpack_post_was_ever_published":false,"footnotes":""},"class_list":["post-18","page","type-page","status-publish","hentry"],"jetpack_sharing_enabled":true,"jetpack_shortlink":"https:\/\/wp.me\/P9W0dX-i","_links":{"self":[{"href":"https:\/\/eifeldocs.de\/index.php?rest_route=\/wp\/v2\/pages\/18","targetHints":{"allow":["GET"]}}],"collection":[{"href":"https:\/\/eifeldocs.de\/index.php?rest_route=\/wp\/v2\/pages"}],"about":[{"href":"https:\/\/eifeldocs.de\/index.php?rest_route=\/wp\/v2\/types\/page"}],"author":[{"embeddable":true,"href":"https:\/\/eifeldocs.de\/index.php?rest_route=\/wp\/v2\/users\/1"}],"replies":[{"embeddable":true,"href":"https:\/\/eifeldocs.de\/index.php?rest_route=%2Fwp%2Fv2%2Fcomments&post=18"}],"version-history":[{"count":4,"href":"https:\/\/eifeldocs.de\/index.php?rest_route=\/wp\/v2\/pages\/18\/revisions"}],"predecessor-version":[{"id":99,"href":"https:\/\/eifeldocs.de\/index.php?rest_route=\/wp\/v2\/pages\/18\/revisions\/99"}],"wp:attachment":[{"href":"https:\/\/eifeldocs.de\/index.php?rest_route=%2Fwp%2Fv2%2Fmedia&parent=18"}],"curies":[{"name":"wp","href":"https:\/\/api.w.org\/{rel}","templated":true}]}}