{"id":16,"date":"2018-05-21T16:08:28","date_gmt":"2018-05-21T16:08:28","guid":{"rendered":"http:\/\/eifeldocs.de\/?page_id=16"},"modified":"2018-05-21T16:08:28","modified_gmt":"2018-05-21T16:08:28","slug":"hausaerztlicher-bereich","status":"publish","type":"page","link":"https:\/\/eifeldocs.de\/?page_id=16","title":{"rendered":"Haus\u00e4rztlicher Bereich"},"content":{"rendered":"<p>Im Mittelpunkt unserer fach\u00fcbergreifenden internistischen und haus\u00e4rztlichen Gemeinschaftspraxis stehen<\/p>\n<p>&#8211; Diagnostik (Feststellung der Krankheits- und Leidensursache),<br \/>\n&#8211; Therapie (Heilung) und<br \/>\n&#8211; Prophylaxe (Vorsorge)<\/p>\n<p>von Erkrankungen der inneren Organe und Organsysteme.<br \/>\nAls Haus\u00e4rzte f\u00fchlen wir uns einem engen pers\u00f6nlichen und oftmals jahrzehntelangen Kontakt zu unseren Patienten und ihren Familien verpflichtet. Wir verstehen uns als erste Ansprechpartner f\u00fcr Erkrankungen unserer Patienten aller Altersstufen, von Kindern bis zu \u00e4lteren Menschen.<br \/>\nWir \u00fcbernehmen dar\u00fcber hinaus im Rahmen der Gesundheitsversorgung unserer Patienten eine Lotsenfunktion d.h. wir \u00fcberweisen unsere Patienten im erforderlichen Fall an weitere Fach\u00e4rzte, in Krankenh\u00e4user oder in Rehabilitationseinrichtungen. Wir setzen f\u00fcr Ihre Behandlung modernste Labor-Technologien und Untersuchungsverfahren ein und informieren Sie ausf\u00fchrlich \u00fcber den Vorsorge- und Behandlungsplan. Unsere medikament\u00f6se Therapie enspricht grunds\u00e4tzlich den neuesten Standards. Dabei haben wir Respekt vor naturheilkundlichen Verfahren und Arzneistoffen und setzen diese an rationalen Kriterien orientiert gegebenenfalls in Absprache mit Ihnen gezielt ein.<br \/>\nDen Hausbesuch zu Patienten, die nicht zu uns in die Praxis kommen k\u00f6nnen, betrachten wir insbesondere f\u00fcr unsere \u00e4lteren Patienten als wichtiges und notwendiges Angebot.<\/p>\n","protected":false},"excerpt":{"rendered":"<p>Im Mittelpunkt unserer fach\u00fcbergreifenden internistischen und haus\u00e4rztlichen Gemeinschaftspraxis stehen &#8211; Diagnostik (Feststellung der Krankheits- und Leidensursache), &#8211; Therapie (Heilung) und &#8211; Prophylaxe (Vorsorge) von Erkrankungen der inneren Organe und Organsysteme. <a class=\"more-link\" href=\"https:\/\/eifeldocs.de\/?page_id=16\">Continue Reading \u2192<\/a><\/p>\n","protected":false},"author":1,"featured_media":0,"parent":0,"menu_order":0,"comment_status":"closed","ping_status":"closed","template":"","meta":{"ngg_post_thumbnail":0,"jetpack_post_was_ever_published":false,"footnotes":""},"class_list":["post-16","page","type-page","status-publish","hentry"],"jetpack_sharing_enabled":true,"jetpack_shortlink":"https:\/\/wp.me\/P9W0dX-g","_links":{"self":[{"href":"https:\/\/eifeldocs.de\/index.php?rest_route=\/wp\/v2\/pages\/16","targetHints":{"allow":["GET"]}}],"collection":[{"href":"https:\/\/eifeldocs.de\/index.php?rest_route=\/wp\/v2\/pages"}],"about":[{"href":"https:\/\/eifeldocs.de\/index.php?rest_route=\/wp\/v2\/types\/page"}],"author":[{"embeddable":true,"href":"https:\/\/eifeldocs.de\/index.php?rest_route=\/wp\/v2\/users\/1"}],"replies":[{"embeddable":true,"href":"https:\/\/eifeldocs.de\/index.php?rest_route=%2Fwp%2Fv2%2Fcomments&post=16"}],"version-history":[{"count":1,"href":"https:\/\/eifeldocs.de\/index.php?rest_route=\/wp\/v2\/pages\/16\/revisions"}],"predecessor-version":[{"id":17,"href":"https:\/\/eifeldocs.de\/index.php?rest_route=\/wp\/v2\/pages\/16\/revisions\/17"}],"wp:attachment":[{"href":"https:\/\/eifeldocs.de\/index.php?rest_route=%2Fwp%2Fv2%2Fmedia&parent=16"}],"curies":[{"name":"wp","href":"https:\/\/api.w.org\/{rel}","templated":true}]}}